{"id":5783,"date":"2020-12-03T14:49:50","date_gmt":"2020-12-03T14:49:50","guid":{"rendered":"https:\/\/www.kohosales.com\/ratkaisut\/asiakaspalvelu-ja-tuki\/"},"modified":"2024-12-20T11:23:05","modified_gmt":"2024-12-20T09:23:05","slug":"customer-service-and-support","status":"publish","type":"page","link":"https:\/\/www.kohosales.com\/en\/features\/customer-service-and-support\/","title":{"rendered":"Koho&#8217;s customer support"},"content":{"rendered":"\n\n\n\n<div id=\"\" class=\"l-container wp-block-acf-container wp-block-acf-container-base alignfull   container-block_cf899594992234aa700c1375db013088  l-pad-top l-pad-bottom has-bg\">\n  <style>\n      <\/style>\n\n\n  \n      <div class=\"l-container__bg bg-center-center \">\n                <div class=\"l-container__bg--overlay\" style=\"background-color: #f5f3f1; opacity: 1;\"><\/div>\n      <\/div>\n    \n  <div class=\"l-inside alignwide\">\n    <div class=\"l-row  l-justify--start l-row--center l-row--left-right  \">\n    <div class=\"l-row__bg \">\n        <div class=\"l-row__bg--overlay\" style=\"background-color: ; opacity: 1;\"><\/div>\n  <\/div>\n  \n          <div class=\"l-s-12 l-content-column  l-l-6 l-m-6 l-row--start l-justify--center content-0 content-container-block_cf899594992234aa700c1375db013088-0    \" >\n      <style>\n              <\/style>\n            <div class=\"l-content__bg \">\n                <div class=\"l-content__bg--overlay \" style=\"background-color: ; opacity: 0.6;\"><\/div>\n      <\/div>\n\n\n      \n      <h1 class=\"c-headline-text-buttons__headline animated fadeInUp\">Free technical customer support<\/h1>\n<p>Customer service is at the core of Koho. We are quick to respond to support requests and we make sure that you are using Koho in the best possible way.<\/p>\n\n              <div class=\"button-container l-justify--start\">\n                        <a href=\"https:\/\/www2.kohosales.com\/en\/contact-us\" class=\"button button--blue \" >\n                Contact us                              <\/a>\n                    <\/div>\n                <\/div>\n  \n\n          \n                  <\/div> \n      \n  <\/div>\n\n<\/div>\n\n\n\n\n\n\n<div id=\"\" class=\"l-container wp-block-acf-container wp-block-acf-container-base alignfull   container-block_5954ab57a894bc90e02bbdb8cf5d9f35  l-pad-top l-pad-bottom has-bg\">\n  <style>\n      <\/style>\n\n\n  \n      <div class=\"l-container__bg bg-center-center \">\n                <div class=\"l-container__bg--overlay\" style=\"background-color: ; opacity: 1;\"><\/div>\n      <\/div>\n    \n  <div class=\"l-inside alignwide\">\n    <div class=\"l-row  l-justify--start l-row--start l-row--left-right  \">\n    <div class=\"l-row__bg \">\n        <div class=\"l-row__bg--overlay\" style=\"background-color: ; opacity: 1;\"><\/div>\n  <\/div>\n  \n          <div class=\"l-s-12 l-content-column  l-l-12 l-m-12 l-row--start l-justify--start content-0 content-container-block_5954ab57a894bc90e02bbdb8cf5d9f35-0    \" >\n      <style>\n              <\/style>\n            <div class=\"l-content__bg \">\n                <div class=\"l-content__bg--overlay \" style=\"background-color: ; opacity: 1;\"><\/div>\n      <\/div>\n\n\n      \n      \n                <\/div>\n          <div class=\"l-s-12 l-content-column  l-l-12 l-m-12 l-row--start l-justify--start content-1 content-container-block_5954ab57a894bc90e02bbdb8cf5d9f35-1    \" >\n      <style>\n              <\/style>\n            <div class=\"l-content__bg \">\n                <div class=\"l-content__bg--overlay \" style=\"background-color: ; opacity: 1;\"><\/div>\n      <\/div>\n\n\n      \n      <h2 style=\"text-align: center;\">Customer service is included for Koho&#8217;s customers<\/h2>\n<p style=\"text-align: center;\">Over time and through hundreds of deployment training sessions, we have gained the knowledge and understanding of different industries and organizations of various sizes. Put your trust in us and don&#8217;t worry about receiving an invoice every time you seek our assistance. You will have access to comprehensive online instructions so that you can utilize our product more efficiently. Reach out to us for free by phone or email if you\u2019re in a pickle. Our customer service assists in all sorts of questions, in Finnish, English or Swedish.<\/p>\n\n                <\/div>\n  \n\n          \n                  <\/div> \n      \n  <\/div>\n\n<\/div>\n\n\n\n\n\n\n<div id=\"\" class=\"l-container wp-block-acf-container wp-block-acf-container-base alignfull   container-block_b1e529c58569d32ef323373e5602b035  l-pad-top l-pad-bottom has-bg\">\n  <style>\n      <\/style>\n\n\n  \n      <div class=\"l-container__bg bg-center-center \">\n                <div class=\"l-container__bg--overlay\" style=\"background-color: ; opacity: 1;\"><\/div>\n      <\/div>\n    \n  <div class=\"l-inside alignwide\">\n    <div class=\"l-row  l-justify--start l-row--center l-row--left-right has-bg \">\n    <div class=\"l-row__bg \">\n        <div class=\"l-row__bg--overlay\" style=\"background-color: #f5f3f1; opacity: 1;\"><\/div>\n  <\/div>\n  \n          <div class=\"l-s-12 l-content-column  l-l-12 l-m-12 l-row--start l-justify--start content-0 content-container-block_b1e529c58569d32ef323373e5602b035-0    \" >\n      <style>\n              <\/style>\n            <div class=\"l-content__bg \">\n                <div class=\"l-content__bg--overlay \" style=\"background-color: ; opacity: 1;\"><\/div>\n      <\/div>\n\n\n      \n      \n                <\/div>\n          <div class=\"l-s-12 l-content-column  l-l-6 l-m-12 l-row--start l-justify--start content-1 content-container-block_b1e529c58569d32ef323373e5602b035-1  has-bg--fill  l-stretch-self \" >\n      <style>\n                  @media (max-width: 63.9375em) {\n            .content-container-block_b1e529c58569d32ef323373e5602b035-1 {\n              Padding-bottom: 50% !important;            }\n          }\n              <\/style>\n            <div class=\"l-content__bg l-content__bg--fill-block\">\n                <div class=\"l-content__bg--overlay \" style=\"background-color: ; opacity: 1;\"><\/div>\n      <\/div>\n\n\n      \n      <p><img decoding=\"async\" class=\"aligncenter wp-image-6918 size-medium\" src=\"https:\/\/www.kohosales.com\/wp-content\/uploads\/2021\/01\/By-9dream-studio-640x427.jpg\" alt=\"Koho Sales customer support\" width=\"640\" height=\"427\" srcset=\"https:\/\/www.kohosales.com\/wp-content\/uploads\/2021\/01\/By-9dream-studio-640x427.jpg 640w, https:\/\/www.kohosales.com\/wp-content\/uploads\/2021\/01\/By-9dream-studio-1024x683.jpg 1024w, https:\/\/www.kohosales.com\/wp-content\/uploads\/2021\/01\/By-9dream-studio-768x512.jpg 768w, https:\/\/www.kohosales.com\/wp-content\/uploads\/2021\/01\/By-9dream-studio-1536x1024.jpg 1536w, https:\/\/www.kohosales.com\/wp-content\/uploads\/2021\/01\/By-9dream-studio-2048x1365.jpg 2048w, https:\/\/www.kohosales.com\/wp-content\/uploads\/2021\/01\/By-9dream-studio-1440x960.jpg 1440w, https:\/\/www.kohosales.com\/wp-content\/uploads\/2021\/01\/By-9dream-studio-scaled.jpg 2560w\" sizes=\"(max-width: 640px) 100vw, 640px\" \/><\/p>\n\n                <\/div>\n          <div class=\"l-s-12 l-content-column  l-l-6 l-m-12 l-row--start l-justify--start content-2 content-container-block_b1e529c58569d32ef323373e5602b035-2    \" >\n      <style>\n              <\/style>\n            <div class=\"l-content__bg \">\n                <div class=\"l-content__bg--overlay \" style=\"background-color: ; opacity: 1;\"><\/div>\n      <\/div>\n\n\n      \n      <p style=\"font-size: 140%;\">\u201dWe have received support, advice and training quickly from Koho. We appreciate their proactive attitude: instead of just waiting for us to come up with ways to utilize the tool better by ourselves, their experts actively suggest those to us.\u201d<\/p>\n<p><strong>\u2013 Jani J\u00e4\u00e4skel\u00e4inen, Staria<\/strong><\/p>\n\n                <\/div>\n  \n\n          \n                  <\/div> \n      \n  <\/div>\n\n<\/div>\n\n\n\n\n\n\n<div id=\"\" class=\"l-container wp-block-acf-container wp-block-acf-container-base alignfull   container-block_9df68a1f53b1f048069d45ea28cc14a4  l-pad-top l-pad-bottom has-bg\">\n  <style>\n      <\/style>\n\n\n  \n      <div class=\"l-container__bg bg-center-center \">\n                <div class=\"l-container__bg--overlay\" style=\"background-color: ; opacity: 1;\"><\/div>\n      <\/div>\n    \n  <div class=\"l-inside alignwide\">\n    <div class=\"l-row  l-justify--start l-row--center l-row--left-right  \">\n    <div class=\"l-row__bg \">\n        <div class=\"l-row__bg--overlay\" style=\"background-color: ; opacity: 1;\"><\/div>\n  <\/div>\n  \n          <div class=\"l-s-12 l-content-column  l-l-12 l-m-12 l-row--start l-justify--start content-0 content-container-block_9df68a1f53b1f048069d45ea28cc14a4-0    \" >\n      <style>\n              <\/style>\n            <div class=\"l-content__bg \">\n                <div class=\"l-content__bg--overlay \" style=\"background-color: ; opacity: 1;\"><\/div>\n      <\/div>\n\n\n      \n      \n                <\/div>\n          <div class=\"l-s-12 l-content-column  l-l-6 l-m-6 l-row--start l-justify--center content-1 content-container-block_9df68a1f53b1f048069d45ea28cc14a4-1  has-bg--fill  l-stretch-self \" >\n      <style>\n              <\/style>\n            <div class=\"l-content__bg l-content__bg--fill-block\">\n                <div class=\"l-content__bg--overlay \" style=\"background-color: ; opacity: 1;\"><\/div>\n      <\/div>\n\n\n      \n      <div class=\"l-visual-editor__item l-visual-editor__item--style-none wysiwyg wysiwyg--pretitles\" data-style-color=\"\">\n<h2>Deployment made easy<\/h2>\n<\/div>\n\n              <div class=\"button-container l-justify--start\">\n                        <a href=\"https:\/\/www.kohosales.com\/en\/features\/deployment\/\" class=\"button button--text \" >\n                Read more about the deployment process                                  <svg><use xlink:href=\"#t-arrow\" \/><\/svg>\n                              <\/a>\n                    <\/div>\n                <\/div>\n          <div class=\"l-s-12 l-content-column  l-l-6 l-m-6 l-row--start l-justify--center content-2 content-container-block_9df68a1f53b1f048069d45ea28cc14a4-2    \" >\n      <style>\n              <\/style>\n            <div class=\"l-content__bg \">\n                <div class=\"l-content__bg--overlay \" style=\"background-color: ; opacity: 1;\"><\/div>\n      <\/div>\n\n\n      \n      <p>Provide us with the materials needed for the implementation phase, and we&#8217;ll set up your account in Koho ready for training. All deployment training and meetings are handled<br \/>\nremotely.<\/p>\n\n                <\/div>\n  \n\n          \n                  <\/div> \n      \n  <\/div>\n\n<\/div>\n\n\n\n\n\n\n<div id=\"\" class=\"l-container wp-block-acf-container wp-block-acf-container-base alignfull   container-block_ef6e8b3a98074a5aed930b54ba299996  l-pad-bottom has-bg\">\n  <style>\n      <\/style>\n\n\n  \n      <div class=\"l-container__bg bg-center-center \">\n                <div class=\"l-container__bg--overlay\" style=\"background-color: ; opacity: 1;\"><\/div>\n      <\/div>\n    \n  <div class=\"l-inside alignwide\">\n    <div class=\"l-row  l-justify--start l-row--stretch l-row--left-right  \">\n    <div class=\"l-row__bg \">\n        <div class=\"l-row__bg--overlay\" style=\"background-color: ; opacity: 1;\"><\/div>\n  <\/div>\n  \n          <div class=\"l-s-12 l-content-column  l-l-4 l-m-12 l-row--start l-justify--start content-0 content-container-block_ef6e8b3a98074a5aed930b54ba299996-0 has-bg   \" >\n      <style>\n              <\/style>\n            <div class=\"l-content__bg \">\n                <div class=\"l-content__bg--overlay \" style=\"background-color: #d2eaf1; opacity: 1;\"><\/div>\n      <\/div>\n\n\n      \n      <h4>Administrator training<\/h4>\n<p>The administrator training covers the basic settings of Koho, the imported material, the basic tasks of the administrator, time tracking, hourly records, work orders, project management, contracts and the billing process.<\/p>\n\n                <\/div>\n          <div class=\"l-s-12 l-content-column  l-l-4 l-m-12 l-row--start l-justify--start content-1 content-container-block_ef6e8b3a98074a5aed930b54ba299996-1 has-bg   \" >\n      <style>\n              <\/style>\n            <div class=\"l-content__bg \">\n                <div class=\"l-content__bg--overlay \" style=\"background-color: #d2eaf1; opacity: 1;\"><\/div>\n      <\/div>\n\n\n      \n      <h4>Worktime entry training<\/h4>\n<p>In the worktime entry training, the staff is taught how to track and enter work time.<\/p>\n\n                <\/div>\n          <div class=\"l-s-12 l-content-column  l-l-4 l-m-12 l-row--start l-justify--start content-2 content-container-block_ef6e8b3a98074a5aed930b54ba299996-2 has-bg   \" >\n      <style>\n              <\/style>\n            <div class=\"l-content__bg \">\n                <div class=\"l-content__bg--overlay \" style=\"background-color: #d2eaf1; opacity: 1;\"><\/div>\n      <\/div>\n\n\n      \n      <h4>Invoicing training<\/h4>\n<p>Invoicing training covers the processing of hours, contract invoicing and how to transfer data into the financial management system.<\/p>\n\n                <\/div>\n  \n\n          \n                  <\/div> \n      \n  <\/div>\n\n<\/div>\n","protected":false},"excerpt":{"rendered":"","protected":false},"author":8,"featured_media":6918,"parent":5767,"menu_order":0,"comment_status":"closed","ping_status":"closed","template":"","meta":{"_acf_changed":false,"content-type":"","footnotes":""},"class_list":["post-5783","page","type-page","status-publish","has-post-thumbnail","hentry"],"acf":[],"yoast_head":"<!-- This site is optimized with the Yoast SEO plugin v26.9 - https:\/\/yoast.com\/product\/yoast-seo-wordpress\/ -->\n<title>Koho&#039;s customer support is included | Koho Sales<\/title>\n<meta name=\"description\" content=\"At Koho, training and customer service is included. Our customer service assists in all sorts of questions.\" \/>\n<meta name=\"robots\" content=\"index, follow, max-snippet:-1, max-image-preview:large, max-video-preview:-1\" \/>\n<link rel=\"canonical\" href=\"https:\/\/www.kohosales.com\/en\/features\/customer-service-and-support\/\" \/>\n<meta property=\"og:locale\" content=\"en_US\" \/>\n<meta property=\"og:type\" content=\"article\" \/>\n<meta property=\"og:title\" content=\"Koho&#039;s customer support is included | Koho Sales\" \/>\n<meta property=\"og:description\" content=\"At Koho, training and customer service is included. Our customer service assists in all sorts of questions.\" \/>\n<meta property=\"og:url\" content=\"https:\/\/www.kohosales.com\/en\/features\/customer-service-and-support\/\" \/>\n<meta property=\"og:site_name\" content=\"Koho Sales\" \/>\n<meta property=\"article:publisher\" content=\"https:\/\/www.facebook.com\/KohoSales\/\" \/>\n<meta property=\"article:modified_time\" content=\"2024-12-20T09:23:05+00:00\" \/>\n<meta property=\"og:image\" content=\"https:\/\/www.kohosales.com\/wp-content\/uploads\/2021\/01\/By-9dream-studio-scaled.jpg\" \/>\n\t<meta property=\"og:image:width\" content=\"2560\" \/>\n\t<meta property=\"og:image:height\" content=\"1707\" \/>\n\t<meta property=\"og:image:type\" content=\"image\/jpeg\" \/>\n<meta name=\"twitter:card\" content=\"summary_large_image\" \/>\n<meta name=\"twitter:label1\" content=\"Est. reading time\" \/>\n\t<meta name=\"twitter:data1\" content=\"1 minute\" \/>\n<script type=\"application\/ld+json\" class=\"yoast-schema-graph\">{\"@context\":\"https:\/\/schema.org\",\"@graph\":[{\"@type\":\"WebPage\",\"@id\":\"https:\/\/www.kohosales.com\/en\/features\/customer-service-and-support\/\",\"url\":\"https:\/\/www.kohosales.com\/en\/features\/customer-service-and-support\/\",\"name\":\"Koho's customer support is included | Koho Sales\",\"isPartOf\":{\"@id\":\"https:\/\/www.kohosales.com\/en\/#website\"},\"primaryImageOfPage\":{\"@id\":\"https:\/\/www.kohosales.com\/en\/features\/customer-service-and-support\/#primaryimage\"},\"image\":{\"@id\":\"https:\/\/www.kohosales.com\/en\/features\/customer-service-and-support\/#primaryimage\"},\"thumbnailUrl\":\"https:\/\/www.kohosales.com\/wp-content\/uploads\/2021\/01\/By-9dream-studio-scaled.jpg\",\"datePublished\":\"2020-12-03T14:49:50+00:00\",\"dateModified\":\"2024-12-20T09:23:05+00:00\",\"description\":\"At Koho, training and customer service is included. Our customer service assists in all sorts of questions.\",\"breadcrumb\":{\"@id\":\"https:\/\/www.kohosales.com\/en\/features\/customer-service-and-support\/#breadcrumb\"},\"inLanguage\":\"en-US\",\"potentialAction\":[{\"@type\":\"ReadAction\",\"target\":[\"https:\/\/www.kohosales.com\/en\/features\/customer-service-and-support\/\"]}]},{\"@type\":\"ImageObject\",\"inLanguage\":\"en-US\",\"@id\":\"https:\/\/www.kohosales.com\/en\/features\/customer-service-and-support\/#primaryimage\",\"url\":\"https:\/\/www.kohosales.com\/wp-content\/uploads\/2021\/01\/By-9dream-studio-scaled.jpg\",\"contentUrl\":\"https:\/\/www.kohosales.com\/wp-content\/uploads\/2021\/01\/By-9dream-studio-scaled.jpg\",\"width\":2560,\"height\":1707,\"caption\":\"Kohon asiakaspalvelu\"},{\"@type\":\"BreadcrumbList\",\"@id\":\"https:\/\/www.kohosales.com\/en\/features\/customer-service-and-support\/#breadcrumb\",\"itemListElement\":[{\"@type\":\"ListItem\",\"position\":1,\"name\":\"Features\",\"item\":\"https:\/\/www.kohosales.com\/en\/features\/\"},{\"@type\":\"ListItem\",\"position\":2,\"name\":\"Koho&#8217;s customer support\"}]},{\"@type\":\"WebSite\",\"@id\":\"https:\/\/www.kohosales.com\/en\/#website\",\"url\":\"https:\/\/www.kohosales.com\/en\/\",\"name\":\"Koho Sales\",\"description\":\"Koho ERP & project management tool \u2013 comprehensive, not complicated\",\"publisher\":{\"@id\":\"https:\/\/www.kohosales.com\/en\/#organization\"},\"potentialAction\":[{\"@type\":\"SearchAction\",\"target\":{\"@type\":\"EntryPoint\",\"urlTemplate\":\"https:\/\/www.kohosales.com\/en\/?s={search_term_string}\"},\"query-input\":{\"@type\":\"PropertyValueSpecification\",\"valueRequired\":true,\"valueName\":\"search_term_string\"}}],\"inLanguage\":\"en-US\"},{\"@type\":\"Organization\",\"@id\":\"https:\/\/www.kohosales.com\/en\/#organization\",\"name\":\"Koho Sales\",\"url\":\"https:\/\/www.kohosales.com\/en\/\",\"logo\":{\"@type\":\"ImageObject\",\"inLanguage\":\"en-US\",\"@id\":\"https:\/\/www.kohosales.com\/en\/#\/schema\/logo\/image\/\",\"url\":\"https:\/\/www.kohosales.com\/wp-content\/uploads\/2024\/01\/thumbnail.png\",\"contentUrl\":\"https:\/\/www.kohosales.com\/wp-content\/uploads\/2024\/01\/thumbnail.png\",\"width\":335,\"height\":340,\"caption\":\"Koho Sales\"},\"image\":{\"@id\":\"https:\/\/www.kohosales.com\/en\/#\/schema\/logo\/image\/\"},\"sameAs\":[\"https:\/\/www.facebook.com\/KohoSales\/\",\"https:\/\/www.linkedin.com\/company\/myynninkehitysyhti-koho\/\"]}]}<\/script>\n<!-- \/ Yoast SEO plugin. -->","yoast_head_json":{"title":"Koho's customer support is included | Koho Sales","description":"At Koho, training and customer service is included. Our customer service assists in all sorts of questions.","robots":{"index":"index","follow":"follow","max-snippet":"max-snippet:-1","max-image-preview":"max-image-preview:large","max-video-preview":"max-video-preview:-1"},"canonical":"https:\/\/www.kohosales.com\/en\/features\/customer-service-and-support\/","og_locale":"en_US","og_type":"article","og_title":"Koho's customer support is included | Koho Sales","og_description":"At Koho, training and customer service is included. Our customer service assists in all sorts of questions.","og_url":"https:\/\/www.kohosales.com\/en\/features\/customer-service-and-support\/","og_site_name":"Koho Sales","article_publisher":"https:\/\/www.facebook.com\/KohoSales\/","article_modified_time":"2024-12-20T09:23:05+00:00","og_image":[{"width":2560,"height":1707,"url":"https:\/\/www.kohosales.com\/wp-content\/uploads\/2021\/01\/By-9dream-studio-scaled.jpg","type":"image\/jpeg"}],"twitter_card":"summary_large_image","twitter_misc":{"Est. reading time":"1 minute"},"schema":{"@context":"https:\/\/schema.org","@graph":[{"@type":"WebPage","@id":"https:\/\/www.kohosales.com\/en\/features\/customer-service-and-support\/","url":"https:\/\/www.kohosales.com\/en\/features\/customer-service-and-support\/","name":"Koho's customer support is included | Koho Sales","isPartOf":{"@id":"https:\/\/www.kohosales.com\/en\/#website"},"primaryImageOfPage":{"@id":"https:\/\/www.kohosales.com\/en\/features\/customer-service-and-support\/#primaryimage"},"image":{"@id":"https:\/\/www.kohosales.com\/en\/features\/customer-service-and-support\/#primaryimage"},"thumbnailUrl":"https:\/\/www.kohosales.com\/wp-content\/uploads\/2021\/01\/By-9dream-studio-scaled.jpg","datePublished":"2020-12-03T14:49:50+00:00","dateModified":"2024-12-20T09:23:05+00:00","description":"At Koho, training and customer service is included. Our customer service assists in all sorts of questions.","breadcrumb":{"@id":"https:\/\/www.kohosales.com\/en\/features\/customer-service-and-support\/#breadcrumb"},"inLanguage":"en-US","potentialAction":[{"@type":"ReadAction","target":["https:\/\/www.kohosales.com\/en\/features\/customer-service-and-support\/"]}]},{"@type":"ImageObject","inLanguage":"en-US","@id":"https:\/\/www.kohosales.com\/en\/features\/customer-service-and-support\/#primaryimage","url":"https:\/\/www.kohosales.com\/wp-content\/uploads\/2021\/01\/By-9dream-studio-scaled.jpg","contentUrl":"https:\/\/www.kohosales.com\/wp-content\/uploads\/2021\/01\/By-9dream-studio-scaled.jpg","width":2560,"height":1707,"caption":"Kohon asiakaspalvelu"},{"@type":"BreadcrumbList","@id":"https:\/\/www.kohosales.com\/en\/features\/customer-service-and-support\/#breadcrumb","itemListElement":[{"@type":"ListItem","position":1,"name":"Features","item":"https:\/\/www.kohosales.com\/en\/features\/"},{"@type":"ListItem","position":2,"name":"Koho&#8217;s customer support"}]},{"@type":"WebSite","@id":"https:\/\/www.kohosales.com\/en\/#website","url":"https:\/\/www.kohosales.com\/en\/","name":"Koho Sales","description":"Koho ERP & project management tool \u2013 comprehensive, not complicated","publisher":{"@id":"https:\/\/www.kohosales.com\/en\/#organization"},"potentialAction":[{"@type":"SearchAction","target":{"@type":"EntryPoint","urlTemplate":"https:\/\/www.kohosales.com\/en\/?s={search_term_string}"},"query-input":{"@type":"PropertyValueSpecification","valueRequired":true,"valueName":"search_term_string"}}],"inLanguage":"en-US"},{"@type":"Organization","@id":"https:\/\/www.kohosales.com\/en\/#organization","name":"Koho Sales","url":"https:\/\/www.kohosales.com\/en\/","logo":{"@type":"ImageObject","inLanguage":"en-US","@id":"https:\/\/www.kohosales.com\/en\/#\/schema\/logo\/image\/","url":"https:\/\/www.kohosales.com\/wp-content\/uploads\/2024\/01\/thumbnail.png","contentUrl":"https:\/\/www.kohosales.com\/wp-content\/uploads\/2024\/01\/thumbnail.png","width":335,"height":340,"caption":"Koho Sales"},"image":{"@id":"https:\/\/www.kohosales.com\/en\/#\/schema\/logo\/image\/"},"sameAs":["https:\/\/www.facebook.com\/KohoSales\/","https:\/\/www.linkedin.com\/company\/myynninkehitysyhti-koho\/"]}]}},"_links":{"self":[{"href":"https:\/\/www.kohosales.com\/en\/wp-json\/wp\/v2\/pages\/5783","targetHints":{"allow":["GET"]}}],"collection":[{"href":"https:\/\/www.kohosales.com\/en\/wp-json\/wp\/v2\/pages"}],"about":[{"href":"https:\/\/www.kohosales.com\/en\/wp-json\/wp\/v2\/types\/page"}],"author":[{"embeddable":true,"href":"https:\/\/www.kohosales.com\/en\/wp-json\/wp\/v2\/users\/8"}],"replies":[{"embeddable":true,"href":"https:\/\/www.kohosales.com\/en\/wp-json\/wp\/v2\/comments?post=5783"}],"version-history":[{"count":3,"href":"https:\/\/www.kohosales.com\/en\/wp-json\/wp\/v2\/pages\/5783\/revisions"}],"predecessor-version":[{"id":19575,"href":"https:\/\/www.kohosales.com\/en\/wp-json\/wp\/v2\/pages\/5783\/revisions\/19575"}],"up":[{"embeddable":true,"href":"https:\/\/www.kohosales.com\/en\/wp-json\/wp\/v2\/pages\/5767"}],"wp:featuredmedia":[{"embeddable":true,"href":"https:\/\/www.kohosales.com\/en\/wp-json\/wp\/v2\/media\/6918"}],"wp:attachment":[{"href":"https:\/\/www.kohosales.com\/en\/wp-json\/wp\/v2\/media?parent=5783"}],"curies":[{"name":"wp","href":"https:\/\/api.w.org\/{rel}","templated":true}]}}